{"id":638,"date":"2026-05-13T22:30:19","date_gmt":"2026-05-13T22:30:19","guid":{"rendered":"https:\/\/barama.org\/?page_id=638"},"modified":"2026-05-14T10:45:55","modified_gmt":"2026-05-14T10:45:55","slug":"what-is-barama-cocoon","status":"publish","type":"page","link":"https:\/\/barama.org\/en\/what-is-barama-cocoon\/","title":{"rendered":"What is Barama (Cocoon)"},"content":{"rendered":"<div data-elementor-type=\"wp-page\" data-elementor-id=\"638\" class=\"elementor elementor-638\">\n\t\t\t\t<div class=\"elementor-element elementor-element-2ceae16b e-flex e-con-boxed e-con e-parent\" data-id=\"2ceae16b\" data-element_type=\"container\" data-e-type=\"container\" data-settings=\"{&quot;background_background&quot;:&quot;classic&quot;}\">\n\t\t\t\t\t<div class=\"e-con-inner\">\n\t\t<div class=\"elementor-element elementor-element-d629c1e e-con-full e-flex e-con e-child\" data-id=\"d629c1e\" data-element_type=\"container\" data-e-type=\"container\">\n\t\t\t\t<div class=\"elementor-element elementor-element-4b7928d5 elementor-widget elementor-widget-ekit-nav-menu\" data-id=\"4b7928d5\" data-element_type=\"widget\" data-e-type=\"widget\" data-widget_type=\"ekit-nav-menu.default\">\n\t\t\t\t<div class=\"elementor-widget-container\">\n\t\t\t\t\t\t\t<nav class=\"ekit-wid-con ekit_menu_responsive_mobile\"\n\t\t\tdata-hamburger-icon=\"\"\n\t\t\tdata-hamburger-icon-type=\"icon\"\n\t\t\tdata-responsive-breakpoint=\"767\">\n\t\t\t            <button class=\"elementskit-menu-hamburger elementskit-menu-toggler\"  type=\"button\" aria-label=\"hamburger-icon\">\n                                    <span class=\"elementskit-menu-hamburger-icon\"><\/span><span class=\"elementskit-menu-hamburger-icon\"><\/span><span class=\"elementskit-menu-hamburger-icon\"><\/span>\n                            <\/button>\n            <div id=\"ekit-megamenu-en\" class=\"elementskit-menu-container elementskit-menu-offcanvas-elements elementskit-navbar-nav-default ekit-nav-menu-one-page-no ekit-nav-dropdown-hover\"><ul id=\"menu-en\" class=\"elementskit-navbar-nav elementskit-menu-po-center submenu-click-on-icon\"><li id=\"menu-item-621\" class=\"menu-item menu-item-type-post_type menu-item-object-page menu-item-621 nav-item elementskit-mobile-builder-content\" data-vertical-menu=\"750px\"><a href=\"https:\/\/barama.org\/en\/factsheet\/\" class=\"ekit-menu-nav-link\">Factsheet<\/a><\/li>\n<li id=\"menu-item-664\" class=\"menu-item menu-item-type-post_type menu-item-object-page menu-item-664 nav-item elementskit-mobile-builder-content\" data-vertical-menu=\"750px\"><a href=\"https:\/\/barama.org\/en\/what-is-barama-cocoon\/\" class=\"ekit-menu-nav-link\">What is Barama (Cocoon)<\/a><\/li>\n<\/ul><div class=\"elementskit-nav-identity-panel\"><button class=\"elementskit-menu-close elementskit-menu-toggler\" type=\"button\">X<\/button><\/div><\/div>\n\t\t\t<div class=\"elementskit-menu-overlay elementskit-menu-offcanvas-elements elementskit-menu-toggler ekit-nav-menu--overlay\"><\/div>        <\/nav>\n\t\t\t\t\t\t<\/div>\n\t\t\t\t<\/div>\n\t\t\t\t<\/div>\n\t\t\t\t\t<\/div>\n\t\t\t\t<\/div>\n\t\t<div class=\"elementor-element elementor-element-947608f e-flex e-con-boxed e-con e-parent\" data-id=\"947608f\" data-element_type=\"container\" data-e-type=\"container\">\n\t\t\t\t\t<div class=\"e-con-inner\">\n\t\t\t\t<div class=\"elementor-element elementor-element-9c32e04 elementor-widget elementor-widget-image\" data-id=\"9c32e04\" data-element_type=\"widget\" data-e-type=\"widget\" data-widget_type=\"image.default\">\n\t\t\t\t<div class=\"elementor-widget-container\">\n\t\t\t\t\t\t\t\t\t\t\t\t\t\t\t<img fetchpriority=\"high\" decoding=\"async\" width=\"1366\" height=\"768\" src=\"https:\/\/i0.wp.com\/barama.org\/wp-content\/uploads\/2025\/02\/T%C9%99bi%C9%99td%C9%99-barama-sakit-lakin-guclu-transformasiya-yeridir.-Zahir%C9%99n-kovr%C9%99k-bir-qabiq-kimi-baslayan-sey-tirtilin-boyuduyu-t%C9%99kamul-etdiyi-v%C9%99-canli-bir-k%C9%99p%C9%99n%C9%99k-kimi-ortaya-cixdigi-bir-prosesin-icind-15.jpg?fit=1366%2C768&amp;ssl=1\" class=\"attachment-full size-full wp-image-187\" alt=\"\" \/>\t\t\t\t\t\t\t\t\t\t\t\t\t\t\t<\/div>\n\t\t\t\t<\/div>\n\t\t\t\t\t<\/div>\n\t\t\t\t<\/div>\n\t\t<div class=\"elementor-element elementor-element-37b540f e-flex e-con-boxed e-con e-parent\" data-id=\"37b540f\" data-element_type=\"container\" data-e-type=\"container\">\n\t\t\t\t\t<div class=\"e-con-inner\">\n\t\t\t\t<div class=\"elementor-element elementor-element-41f2353 elementor-widget__width-initial elementor-widget elementor-widget-image\" data-id=\"41f2353\" data-element_type=\"widget\" data-e-type=\"widget\" data-widget_type=\"image.default\">\n\t\t\t\t<div class=\"elementor-widget-container\">\n\t\t\t\t\t\t\t\t\t\t\t\t\t\t\t<img decoding=\"async\" width=\"1024\" height=\"1024\" src=\"https:\/\/i0.wp.com\/barama.org\/wp-content\/uploads\/2025\/02\/Why-Barama-1.jpg?fit=1024%2C1024&amp;ssl=1\" class=\"attachment-large size-large wp-image-188\" alt=\"\" srcset=\"https:\/\/i0.wp.com\/barama.org\/wp-content\/uploads\/2025\/02\/Why-Barama-1.jpg?w=1080&amp;ssl=1 1080w, https:\/\/i0.wp.com\/barama.org\/wp-content\/uploads\/2025\/02\/Why-Barama-1.jpg?resize=300%2C300&amp;ssl=1 300w, https:\/\/i0.wp.com\/barama.org\/wp-content\/uploads\/2025\/02\/Why-Barama-1.jpg?resize=1024%2C1024&amp;ssl=1 1024w, https:\/\/i0.wp.com\/barama.org\/wp-content\/uploads\/2025\/02\/Why-Barama-1.jpg?resize=150%2C150&amp;ssl=1 150w, https:\/\/i0.wp.com\/barama.org\/wp-content\/uploads\/2025\/02\/Why-Barama-1.jpg?resize=768%2C768&amp;ssl=1 768w, https:\/\/i0.wp.com\/barama.org\/wp-content\/uploads\/2025\/02\/Why-Barama-1.jpg?resize=12%2C12&amp;ssl=1 12w\" sizes=\"(max-width: 1000px) 100vw, 1000px\" \/>\t\t\t\t\t\t\t\t\t\t\t\t\t\t\t<\/div>\n\t\t\t\t<\/div>\n\t\t\t\t\t<\/div>\n\t\t\t\t<\/div>\n\t\t\t\t<section class=\"elementor-section elementor-top-section elementor-element elementor-element-2f63abee elementor-section-boxed elementor-section-height-default elementor-section-height-default\" data-id=\"2f63abee\" data-element_type=\"section\" data-e-type=\"section\" data-settings=\"{&quot;background_background&quot;:&quot;classic&quot;}\">\n\t\t\t\t\t\t<div class=\"elementor-container elementor-column-gap-default\">\n\t\t\t\t\t<div class=\"elementor-column elementor-col-100 elementor-top-column elementor-element elementor-element-28f18295\" data-id=\"28f18295\" data-element_type=\"column\" data-e-type=\"column\">\n\t\t\t<div class=\"elementor-widget-wrap elementor-element-populated\">\n\t\t\t\t\t\t<section class=\"elementor-section elementor-inner-section elementor-element elementor-element-7e501cd3 elementor-section-height-min-height elementor-section-content-middle elementor-section-boxed elementor-section-height-default\" data-id=\"7e501cd3\" data-element_type=\"section\" data-e-type=\"section\">\n\t\t\t\t\t\t<div class=\"elementor-container elementor-column-gap-default\">\n\t\t\t\t\t<div class=\"elementor-column elementor-col-50 elementor-inner-column elementor-element elementor-element-e36c79a\" data-id=\"e36c79a\" data-element_type=\"column\" data-e-type=\"column\">\n\t\t\t<div class=\"elementor-widget-wrap elementor-element-populated\">\n\t\t\t\t\t\t<div class=\"elementor-element elementor-element-a3ae32f elementor-widget__width-initial elementor-widget elementor-widget-elementskit-heading\" data-id=\"a3ae32f\" data-element_type=\"widget\" data-e-type=\"widget\" data-widget_type=\"elementskit-heading.default\">\n\t\t\t\t<div class=\"elementor-widget-container\">\n\t\t\t\t\t<div class=\"ekit-wid-con\" ><div class=\"ekit-heading elementskit-section-title-wraper text_left   ekit_heading_tablet-   ekit_heading_mobile-\"><h2 class=\"ekit-heading--title elementskit-section-title  ekit-heading__title-has-border start\">Barama Az\u0259rbaycanda t\u0259crid olunmu\u015f v\u0259 kifay\u0259t q\u0259d\u0259r t\u0259msil olunmayan icmalar\u0131n sosial-iqtisadi, m\u0259d\u0259ni v\u0259 siyasi h\u0259yat\u0131n\u0131 ara\u015fd\u0131rmaq \u00fc\u00e7\u00fcn bir araya g\u0259l\u0259n kuir-feminist t\u0259dqiqat\u00e7\u0131lar evidir.<\/h2><\/div><\/div>\t\t\t\t<\/div>\n\t\t\t\t<\/div>\n\t\t\t\t\t<\/div>\n\t\t<\/div>\n\t\t\t\t<div class=\"elementor-column elementor-col-50 elementor-inner-column elementor-element elementor-element-581f3937\" data-id=\"581f3937\" data-element_type=\"column\" data-e-type=\"column\">\n\t\t\t<div class=\"elementor-widget-wrap elementor-element-populated\">\n\t\t\t\t\t\t<div class=\"elementor-element elementor-element-3a72010c elementor-widget elementor-widget-elementskit-heading\" data-id=\"3a72010c\" data-element_type=\"widget\" data-e-type=\"widget\" data-widget_type=\"elementskit-heading.default\">\n\t\t\t\t<div class=\"elementor-widget-container\">\n\t\t\t\t\t<div class=\"ekit-wid-con\" ><div class=\"ekit-heading elementskit-section-title-wraper text_left   ekit_heading_tablet-   ekit_heading_mobile-\"><h2 class=\"ekit-heading--title elementskit-section-title\">Barama n\u0259 edir?<\/h2>\t\t\t\t<div class='ekit-heading__description'>\n\t\t\t\t\t<ul>\n<li>Barama h\u0259ssas icmalar\u0131n h\u0259yat\u0131n\u0131 daha yax\u015f\u0131 ba\u015fa d\u00fc\u015fm\u0259k \u00fc\u00e7\u00fcn sor\u011fular ke\u00e7irir.<\/li>\n<li>Bu sor\u011fular vasit\u0259si il\u0259 toplanm\u0131\u015f m\u0259lumatlar infoqrafikalar\u0131n haz\u0131rlanmas\u0131 \u00fc\u00e7\u00fcn istifad\u0259 olunur.<\/li>\n<li>T\u0259hl\u00fck\u0259sizliyi v\u0259 m\u0259xfiliyi t\u0259min etm\u0259k \u00fc\u00e7\u00fcn b\u00fct\u00fcn sor\u011fular anonim \u015f\u0259kild\u0259 apar\u0131l\u0131r v\u0259 toplanm\u0131\u015f m\u0259lumatlar t\u0259hl\u00fck\u0259siz \u015f\u0259kild\u0259 saxlan\u0131l\u0131r.<\/li>\n<\/ul>\n\t\t\t\t<\/div>\n\t\t\t<\/div><\/div>\t\t\t\t<\/div>\n\t\t\t\t<\/div>\n\t\t\t\t\t<\/div>\n\t\t<\/div>\n\t\t\t\t\t<\/div>\n\t\t<\/section>\n\t\t\t\t\t<\/div>\n\t\t<\/div>\n\t\t\t\t\t<\/div>\n\t\t<\/section>\n\t\t\t\t<\/div>","protected":false},"excerpt":{"rendered":"<p>What is Barama (Cocoon) Factsheet X Barama Az\u0259rbaycanda t\u0259crid olunmu\u015f v\u0259 kifay\u0259t q\u0259d\u0259r t\u0259msil olunmayan icmalar\u0131n sosial-iqtisadi, m\u0259d\u0259ni v\u0259 siyasi h\u0259yat\u0131n\u0131 ara\u015fd\u0131rmaq \u00fc\u00e7\u00fcn bir araya g\u0259l\u0259n kuir-feminist t\u0259dqiqat\u00e7\u0131lar evidir. Barama n\u0259 edir? Barama h\u0259ssas icmalar\u0131n h\u0259yat\u0131n\u0131 daha yax\u015f\u0131 ba\u015fa d\u00fc\u015fm\u0259k \u00fc\u00e7\u00fcn sor\u011fular ke\u00e7irir. Bu sor\u011fular vasit\u0259si il\u0259 toplanm\u0131\u015f m\u0259lumatlar infoqrafikalar\u0131n haz\u0131rlanmas\u0131 \u00fc\u00e7\u00fcn istifad\u0259 olunur. T\u0259hl\u00fck\u0259sizliyi [&hellip;]<\/p>\n","protected":false},"author":1,"featured_media":0,"parent":0,"menu_order":0,"comment_status":"closed","ping_status":"closed","template":"no-title","meta":{"nf_dc_page":"about-us","om_disable_all_campaigns":false,"_monsterinsights_skip_tracking":false,"_monsterinsights_sitenote_active":false,"_monsterinsights_sitenote_note":"","_monsterinsights_sitenote_category":0,"footnotes":""},"class_list":["post-638","page","type-page","status-publish","hentry"],"yoast_head":"<!-- This site is optimized with the Yoast SEO plugin v27.6 - https:\/\/yoast.com\/product\/yoast-seo-wordpress\/ -->\n<title>What is Barama (Cocoon) - Barama<\/title>\n<meta name=\"robots\" content=\"index, follow, max-snippet:-1, max-image-preview:large, max-video-preview:-1\" \/>\n<link rel=\"canonical\" href=\"https:\/\/barama.org\/en\/what-is-barama-cocoon\/\" \/>\n<meta property=\"og:locale\" content=\"en_US\" \/>\n<meta property=\"og:type\" content=\"article\" \/>\n<meta property=\"og:title\" content=\"What is Barama (Cocoon) - Barama\" \/>\n<meta property=\"og:description\" content=\"What is Barama (Cocoon) Factsheet X Barama Az\u0259rbaycanda t\u0259crid olunmu\u015f v\u0259 kifay\u0259t q\u0259d\u0259r t\u0259msil olunmayan icmalar\u0131n sosial-iqtisadi, m\u0259d\u0259ni v\u0259 siyasi h\u0259yat\u0131n\u0131 ara\u015fd\u0131rmaq \u00fc\u00e7\u00fcn bir araya g\u0259l\u0259n kuir-feminist t\u0259dqiqat\u00e7\u0131lar evidir. Barama n\u0259 edir? Barama h\u0259ssas icmalar\u0131n h\u0259yat\u0131n\u0131 daha yax\u015f\u0131 ba\u015fa d\u00fc\u015fm\u0259k \u00fc\u00e7\u00fcn sor\u011fular ke\u00e7irir. Bu sor\u011fular vasit\u0259si il\u0259 toplanm\u0131\u015f m\u0259lumatlar infoqrafikalar\u0131n haz\u0131rlanmas\u0131 \u00fc\u00e7\u00fcn istifad\u0259 olunur. T\u0259hl\u00fck\u0259sizliyi [&hellip;]\" \/>\n<meta property=\"og:url\" content=\"https:\/\/barama.org\/en\/what-is-barama-cocoon\/\" \/>\n<meta property=\"og:site_name\" content=\"Barama\" \/>\n<meta property=\"article:modified_time\" content=\"2026-05-14T10:45:55+00:00\" \/>\n<meta property=\"og:image\" content=\"https:\/\/barama.org\/wp-content\/uploads\/2025\/02\/Why-Barama-1-1024x1024.jpg\" \/>\n<meta name=\"twitter:card\" content=\"summary_large_image\" \/>\n<meta name=\"twitter:label1\" content=\"Est. reading time\" \/>\n\t<meta name=\"twitter:data1\" content=\"1 minute\" \/>\n<script type=\"application\/ld+json\" class=\"yoast-schema-graph\">{\"@context\":\"https:\\\/\\\/schema.org\",\"@graph\":[{\"@type\":\"WebPage\",\"@id\":\"https:\\\/\\\/barama.org\\\/en\\\/what-is-barama-cocoon\\\/\",\"url\":\"https:\\\/\\\/barama.org\\\/en\\\/what-is-barama-cocoon\\\/\",\"name\":\"What is Barama (Cocoon) - Barama\",\"isPartOf\":{\"@id\":\"https:\\\/\\\/barama.org\\\/en\\\/#website\"},\"primaryImageOfPage\":{\"@id\":\"https:\\\/\\\/barama.org\\\/en\\\/what-is-barama-cocoon\\\/#primaryimage\"},\"image\":{\"@id\":\"https:\\\/\\\/barama.org\\\/en\\\/what-is-barama-cocoon\\\/#primaryimage\"},\"thumbnailUrl\":\"https:\\\/\\\/barama.org\\\/wp-content\\\/uploads\\\/2025\\\/02\\\/Why-Barama-1-1024x1024.jpg\",\"datePublished\":\"2026-05-13T22:30:19+00:00\",\"dateModified\":\"2026-05-14T10:45:55+00:00\",\"breadcrumb\":{\"@id\":\"https:\\\/\\\/barama.org\\\/en\\\/what-is-barama-cocoon\\\/#breadcrumb\"},\"inLanguage\":\"en-US\",\"potentialAction\":[{\"@type\":\"ReadAction\",\"target\":[\"https:\\\/\\\/barama.org\\\/en\\\/what-is-barama-cocoon\\\/\"]}]},{\"@type\":\"ImageObject\",\"inLanguage\":\"en-US\",\"@id\":\"https:\\\/\\\/barama.org\\\/en\\\/what-is-barama-cocoon\\\/#primaryimage\",\"url\":\"https:\\\/\\\/barama.org\\\/wp-content\\\/uploads\\\/2025\\\/02\\\/Why-Barama-1-1024x1024.jpg\",\"contentUrl\":\"https:\\\/\\\/barama.org\\\/wp-content\\\/uploads\\\/2025\\\/02\\\/Why-Barama-1-1024x1024.jpg\"},{\"@type\":\"BreadcrumbList\",\"@id\":\"https:\\\/\\\/barama.org\\\/en\\\/what-is-barama-cocoon\\\/#breadcrumb\",\"itemListElement\":[{\"@type\":\"ListItem\",\"position\":1,\"name\":\"Home\",\"item\":\"https:\\\/\\\/barama.org\\\/en\\\/home-english\\\/\"},{\"@type\":\"ListItem\",\"position\":2,\"name\":\"What is Barama (Cocoon)\"}]},{\"@type\":\"WebSite\",\"@id\":\"https:\\\/\\\/barama.org\\\/en\\\/#website\",\"url\":\"https:\\\/\\\/barama.org\\\/en\\\/\",\"name\":\"Barama\",\"description\":\"\",\"publisher\":{\"@id\":\"https:\\\/\\\/barama.org\\\/en\\\/#organization\"},\"potentialAction\":[{\"@type\":\"SearchAction\",\"target\":{\"@type\":\"EntryPoint\",\"urlTemplate\":\"https:\\\/\\\/barama.org\\\/en\\\/?s={search_term_string}\"},\"query-input\":{\"@type\":\"PropertyValueSpecification\",\"valueRequired\":true,\"valueName\":\"search_term_string\"}}],\"inLanguage\":\"en-US\"},{\"@type\":\"Organization\",\"@id\":\"https:\\\/\\\/barama.org\\\/en\\\/#organization\",\"name\":\"Barama\",\"url\":\"https:\\\/\\\/barama.org\\\/en\\\/\",\"logo\":{\"@type\":\"ImageObject\",\"inLanguage\":\"en-US\",\"@id\":\"https:\\\/\\\/barama.org\\\/en\\\/#\\\/schema\\\/logo\\\/image\\\/\",\"url\":\"https:\\\/\\\/i0.wp.com\\\/barama.org\\\/wp-content\\\/uploads\\\/2025\\\/02\\\/Barama-LOGO-1.png?fit=500%2C500&ssl=1\",\"contentUrl\":\"https:\\\/\\\/i0.wp.com\\\/barama.org\\\/wp-content\\\/uploads\\\/2025\\\/02\\\/Barama-LOGO-1.png?fit=500%2C500&ssl=1\",\"width\":500,\"height\":500,\"caption\":\"Barama\"},\"image\":{\"@id\":\"https:\\\/\\\/barama.org\\\/en\\\/#\\\/schema\\\/logo\\\/image\\\/\"}}]}<\/script>\n<!-- \/ Yoast SEO plugin. -->","yoast_head_json":{"title":"What is Barama (Cocoon) - Barama","robots":{"index":"index","follow":"follow","max-snippet":"max-snippet:-1","max-image-preview":"max-image-preview:large","max-video-preview":"max-video-preview:-1"},"canonical":"https:\/\/barama.org\/en\/what-is-barama-cocoon\/","og_locale":"en_US","og_type":"article","og_title":"What is Barama (Cocoon) - Barama","og_description":"What is Barama (Cocoon) Factsheet X Barama Az\u0259rbaycanda t\u0259crid olunmu\u015f v\u0259 kifay\u0259t q\u0259d\u0259r t\u0259msil olunmayan icmalar\u0131n sosial-iqtisadi, m\u0259d\u0259ni v\u0259 siyasi h\u0259yat\u0131n\u0131 ara\u015fd\u0131rmaq \u00fc\u00e7\u00fcn bir araya g\u0259l\u0259n kuir-feminist t\u0259dqiqat\u00e7\u0131lar evidir. Barama n\u0259 edir? Barama h\u0259ssas icmalar\u0131n h\u0259yat\u0131n\u0131 daha yax\u015f\u0131 ba\u015fa d\u00fc\u015fm\u0259k \u00fc\u00e7\u00fcn sor\u011fular ke\u00e7irir. Bu sor\u011fular vasit\u0259si il\u0259 toplanm\u0131\u015f m\u0259lumatlar infoqrafikalar\u0131n haz\u0131rlanmas\u0131 \u00fc\u00e7\u00fcn istifad\u0259 olunur. T\u0259hl\u00fck\u0259sizliyi [&hellip;]","og_url":"https:\/\/barama.org\/en\/what-is-barama-cocoon\/","og_site_name":"Barama","article_modified_time":"2026-05-14T10:45:55+00:00","og_image":[{"url":"https:\/\/barama.org\/wp-content\/uploads\/2025\/02\/Why-Barama-1-1024x1024.jpg","type":"","width":"","height":""}],"twitter_card":"summary_large_image","twitter_misc":{"Est. reading time":"1 minute"},"schema":{"@context":"https:\/\/schema.org","@graph":[{"@type":"WebPage","@id":"https:\/\/barama.org\/en\/what-is-barama-cocoon\/","url":"https:\/\/barama.org\/en\/what-is-barama-cocoon\/","name":"What is Barama (Cocoon) - Barama","isPartOf":{"@id":"https:\/\/barama.org\/en\/#website"},"primaryImageOfPage":{"@id":"https:\/\/barama.org\/en\/what-is-barama-cocoon\/#primaryimage"},"image":{"@id":"https:\/\/barama.org\/en\/what-is-barama-cocoon\/#primaryimage"},"thumbnailUrl":"https:\/\/barama.org\/wp-content\/uploads\/2025\/02\/Why-Barama-1-1024x1024.jpg","datePublished":"2026-05-13T22:30:19+00:00","dateModified":"2026-05-14T10:45:55+00:00","breadcrumb":{"@id":"https:\/\/barama.org\/en\/what-is-barama-cocoon\/#breadcrumb"},"inLanguage":"en-US","potentialAction":[{"@type":"ReadAction","target":["https:\/\/barama.org\/en\/what-is-barama-cocoon\/"]}]},{"@type":"ImageObject","inLanguage":"en-US","@id":"https:\/\/barama.org\/en\/what-is-barama-cocoon\/#primaryimage","url":"https:\/\/barama.org\/wp-content\/uploads\/2025\/02\/Why-Barama-1-1024x1024.jpg","contentUrl":"https:\/\/barama.org\/wp-content\/uploads\/2025\/02\/Why-Barama-1-1024x1024.jpg"},{"@type":"BreadcrumbList","@id":"https:\/\/barama.org\/en\/what-is-barama-cocoon\/#breadcrumb","itemListElement":[{"@type":"ListItem","position":1,"name":"Home","item":"https:\/\/barama.org\/en\/home-english\/"},{"@type":"ListItem","position":2,"name":"What is Barama (Cocoon)"}]},{"@type":"WebSite","@id":"https:\/\/barama.org\/en\/#website","url":"https:\/\/barama.org\/en\/","name":"Barama","description":"","publisher":{"@id":"https:\/\/barama.org\/en\/#organization"},"potentialAction":[{"@type":"SearchAction","target":{"@type":"EntryPoint","urlTemplate":"https:\/\/barama.org\/en\/?s={search_term_string}"},"query-input":{"@type":"PropertyValueSpecification","valueRequired":true,"valueName":"search_term_string"}}],"inLanguage":"en-US"},{"@type":"Organization","@id":"https:\/\/barama.org\/en\/#organization","name":"Barama","url":"https:\/\/barama.org\/en\/","logo":{"@type":"ImageObject","inLanguage":"en-US","@id":"https:\/\/barama.org\/en\/#\/schema\/logo\/image\/","url":"https:\/\/i0.wp.com\/barama.org\/wp-content\/uploads\/2025\/02\/Barama-LOGO-1.png?fit=500%2C500&ssl=1","contentUrl":"https:\/\/i0.wp.com\/barama.org\/wp-content\/uploads\/2025\/02\/Barama-LOGO-1.png?fit=500%2C500&ssl=1","width":500,"height":500,"caption":"Barama"},"image":{"@id":"https:\/\/barama.org\/en\/#\/schema\/logo\/image\/"}}]}},"jetpack_sharing_enabled":true,"_links":{"self":[{"href":"https:\/\/barama.org\/en\/wp-json\/wp\/v2\/pages\/638","targetHints":{"allow":["GET"]}}],"collection":[{"href":"https:\/\/barama.org\/en\/wp-json\/wp\/v2\/pages"}],"about":[{"href":"https:\/\/barama.org\/en\/wp-json\/wp\/v2\/types\/page"}],"author":[{"embeddable":true,"href":"https:\/\/barama.org\/en\/wp-json\/wp\/v2\/users\/1"}],"replies":[{"embeddable":true,"href":"https:\/\/barama.org\/en\/wp-json\/wp\/v2\/comments?post=638"}],"version-history":[{"count":4,"href":"https:\/\/barama.org\/en\/wp-json\/wp\/v2\/pages\/638\/revisions"}],"predecessor-version":[{"id":711,"href":"https:\/\/barama.org\/en\/wp-json\/wp\/v2\/pages\/638\/revisions\/711"}],"wp:attachment":[{"href":"https:\/\/barama.org\/en\/wp-json\/wp\/v2\/media?parent=638"}],"curies":[{"name":"wp","href":"https:\/\/api.w.org\/{rel}","templated":true}]}}